{"id":4006,"date":"2016-11-14T16:39:03","date_gmt":"2016-11-14T16:39:03","guid":{"rendered":"http:\/\/www.luccaorganizza.com\/corporate\/organizzazione-vari-yacht-2\/"},"modified":"2024-03-11T10:49:00","modified_gmt":"2024-03-11T10:49:00","slug":"organizzazione-family-day","status":"publish","type":"page","link":"https:\/\/www.luccaorganizza.com\/corporate\/organizzazione-family-day\/","title":{"rendered":"Family Day"},"content":{"rendered":"<section  class='av_textblock_section av-3hmxi3-a2b47d795cee9435c506644d1ae39d27 '   itemscope=\"itemscope\" itemtype=\"https:\/\/schema.org\/CreativeWork\" ><div class='avia_textblock'  itemprop=\"text\" ><p><strong>Organizziamo Family Day<\/strong> sia per piccole che grandi aziende del territorio.<\/p>\n<p>Proponiamo un\u2019offerta completa di servizi integrati e coordinati studiati per la realizzazione e il successo dell\u2019evento.<br \/>\nIl primo step della progettazione \u00e8 quella della <strong>definizione della location<\/strong>. Spesso questo evento \u00e8 l\u2019occasione per <strong>mostrare alle famiglie dei dipendenti, la realt\u00e0 aziendale con un tour guidato all\u2019interno della sede<\/strong>. In questo caso non \u00e8 necessaria la ricerca della location, altres\u00ec \u00e8 essenziale nel caso in cui l\u2019evento voglia essere sviluppato in un luogo alternativo.<br \/>\nIn questo caso vantiamo un ampio portfolio: dalle ville storiche del 500, alle tenute vinicole.<br \/>\nDai palazzi storici agli stabilimenti balneari. Senza dimenticare ex conventi, laboratori di marmo e musei naturali.<br \/>\nA seconda delle esigenze del cliente e del mood dell\u2019evento riusciamo a selezionare sempre valide opzioni.<\/p>\n<p>Il secondo step \u00e8 l\u2019elaborazione dettagliata della proposta di preventivo dei vari servizi: un <strong>servizio catering adeguato, intrattenimenti per grandi e piccoli, allestimenti, <a href=\"https:\/\/www.luccaorganizza.com\/corporate\/servizio-di-hostess\/\">personale hostess<\/a><\/strong> e<a href=\"https:\/\/www.luccaorganizza.com\/corporate\/supporti-tecnici-per-eventi\/\"><strong> servizio audio e luci<\/strong><\/a>.<\/p>\n<\/div><\/section>\n<div id='av-masonry-1' class='av-masonry av-2avku3-cc177ac79ddc6c29c51b9fcea1442203 noHover av-fixed-size av-1px-gap av-hover-overlay-active av-masonry-animation-active av-masonry-col-3 av-caption-always av-caption-style- av-masonry-gallery ' data-post_id=\"4006\"><div class=\"av-masonry-container isotope av-js-disabled\"><div class='av-masonry-entry isotope-item av-masonry-item-no-image '><\/div><a href=\"https:\/\/www.luccaorganizza.com\/corporate\/wp-content\/uploads\/2022\/08\/IMG_1505-min-min-1030x687.jpg\" data-srcset=\"https:\/\/www.luccaorganizza.com\/corporate\/wp-content\/uploads\/2022\/08\/IMG_1505-min-min-1030x687.jpg 1030w, https:\/\/www.luccaorganizza.com\/corporate\/wp-content\/uploads\/2022\/08\/IMG_1505-min-min-300x200.jpg 300w, https:\/\/www.luccaorganizza.com\/corporate\/wp-content\/uploads\/2022\/08\/IMG_1505-min-min-768x512.jpg 768w, https:\/\/www.luccaorganizza.com\/corporate\/wp-content\/uploads\/2022\/08\/IMG_1505-min-min-1536x1024.jpg 1536w, https:\/\/www.luccaorganizza.com\/corporate\/wp-content\/uploads\/2022\/08\/IMG_1505-min-min-2048x1366.jpg 2048w, https:\/\/www.luccaorganizza.com\/corporate\/wp-content\/uploads\/2022\/08\/IMG_1505-min-min-1500x1000.jpg 1500w, https:\/\/www.luccaorganizza.com\/corporate\/wp-content\/uploads\/2022\/08\/IMG_1505-min-min-705x470.jpg 705w\" data-sizes=\"(max-width: 1030px) 100vw, 1030px\"  aria-label=\"immagine Organizzazione Family Day\"  id='av-masonry-1-item-4911' data-av-masonry-item='4911' class='av-masonry-entry isotope-item post-4911 attachment type-attachment status-inherit hentry  av-masonry-item-with-image' title=\"Organizzazione Family Day\" alt=\"Organizzazione Family Day\"    itemprop=\"thumbnailUrl\" ><div class='av-inner-masonry-sizer'><\/div><figure class='av-inner-masonry main_color'><div class=\"av-masonry-outerimage-container\"><div class='av-masonry-image-container' style=\"background-image: url(https:\/\/www.luccaorganizza.com\/corporate\/wp-content\/uploads\/2022\/08\/IMG_1505-min-min-705x470.jpg);\"  title=\"Organizzazione Family Day\"   alt=\"Organizzazione Family Day\" ><\/div><\/div><\/figure><\/a><!--end av-masonry entry--><a href=\"https:\/\/www.luccaorganizza.com\/corporate\/wp-content\/uploads\/2022\/08\/IMG_1467-min-min-1030x824.jpg\" data-srcset=\"https:\/\/www.luccaorganizza.com\/corporate\/wp-content\/uploads\/2022\/08\/IMG_1467-min-min-1030x824.jpg 1030w, https:\/\/www.luccaorganizza.com\/corporate\/wp-content\/uploads\/2022\/08\/IMG_1467-min-min-300x240.jpg 300w, https:\/\/www.luccaorganizza.com\/corporate\/wp-content\/uploads\/2022\/08\/IMG_1467-min-min-768x614.jpg 768w, https:\/\/www.luccaorganizza.com\/corporate\/wp-content\/uploads\/2022\/08\/IMG_1467-min-min-1536x1229.jpg 1536w, https:\/\/www.luccaorganizza.com\/corporate\/wp-content\/uploads\/2022\/08\/IMG_1467-min-min-2048x1638.jpg 2048w, https:\/\/www.luccaorganizza.com\/corporate\/wp-content\/uploads\/2022\/08\/IMG_1467-min-min-1500x1200.jpg 1500w, https:\/\/www.luccaorganizza.com\/corporate\/wp-content\/uploads\/2022\/08\/IMG_1467-min-min-705x564.jpg 705w\" data-sizes=\"(max-width: 1030px) 100vw, 1030px\"  aria-label=\"immagine ORGANIZZAZIONE FAMILY DAY 2022\"  id='av-masonry-1-item-4907' data-av-masonry-item='4907' class='av-masonry-entry isotope-item post-4907 attachment type-attachment status-inherit hentry  av-masonry-item-with-image' title=\"ORGANIZZAZIONE FAMILY DAY 2022\" alt=\"Organizzazione Family Day aziende\"    itemprop=\"thumbnailUrl\" ><div class='av-inner-masonry-sizer'><\/div><figure class='av-inner-masonry main_color'><div class=\"av-masonry-outerimage-container\"><div class='av-masonry-image-container' style=\"background-image: url(https:\/\/www.luccaorganizza.com\/corporate\/wp-content\/uploads\/2022\/08\/IMG_1467-min-min-705x564.jpg);\"  title=\"ORGANIZZAZIONE FAMILY DAY 2022\"   alt=\"Organizzazione Family Day aziende\" ><\/div><\/div><\/figure><\/a><!--end av-masonry entry--><a href=\"https:\/\/www.luccaorganizza.com\/corporate\/wp-content\/uploads\/2024\/03\/FAMILY-DAY3.jpg\" data-srcset=\"https:\/\/www.luccaorganizza.com\/corporate\/wp-content\/uploads\/2024\/03\/FAMILY-DAY3.jpg 1030w, https:\/\/www.luccaorganizza.com\/corporate\/wp-content\/uploads\/2024\/03\/FAMILY-DAY3-300x177.jpg 300w, https:\/\/www.luccaorganizza.com\/corporate\/wp-content\/uploads\/2024\/03\/FAMILY-DAY3-768x453.jpg 768w, https:\/\/www.luccaorganizza.com\/corporate\/wp-content\/uploads\/2024\/03\/FAMILY-DAY3-705x416.jpg 705w\" data-sizes=\"(max-width: 1030px) 100vw, 1030px\"  aria-label=\"immagine Organizzazione Family Day aziende toscana\"  id='av-masonry-1-item-6196' data-av-masonry-item='6196' class='av-masonry-entry isotope-item post-6196 attachment type-attachment status-inherit hentry  av-masonry-item-with-image' title=\"Organizzazione Family Day aziende toscana\" alt=\"Organizzazione Family Day aziende toscana\"    itemprop=\"thumbnailUrl\" ><div class='av-inner-masonry-sizer'><\/div><figure class='av-inner-masonry main_color'><div class=\"av-masonry-outerimage-container\"><div class='av-masonry-image-container' style=\"background-image: url(https:\/\/www.luccaorganizza.com\/corporate\/wp-content\/uploads\/2024\/03\/FAMILY-DAY3-705x416.jpg);\"  title=\"Organizzazione Family Day aziende toscana\"   alt=\"Organizzazione Family Day aziende toscana\" ><\/div><\/div><\/figure><\/a><!--end av-masonry entry--><\/div><\/div>\n","protected":false},"excerpt":{"rendered":"","protected":false},"author":1,"featured_media":0,"parent":0,"menu_order":0,"comment_status":"closed","ping_status":"closed","template":"","meta":{"footnotes":""},"class_list":["post-4006","page","type-page","status-publish","hentry"],"_links":{"self":[{"href":"https:\/\/www.luccaorganizza.com\/corporate\/wp-json\/wp\/v2\/pages\/4006","targetHints":{"allow":["GET"]}}],"collection":[{"href":"https:\/\/www.luccaorganizza.com\/corporate\/wp-json\/wp\/v2\/pages"}],"about":[{"href":"https:\/\/www.luccaorganizza.com\/corporate\/wp-json\/wp\/v2\/types\/page"}],"author":[{"embeddable":true,"href":"https:\/\/www.luccaorganizza.com\/corporate\/wp-json\/wp\/v2\/users\/1"}],"replies":[{"embeddable":true,"href":"https:\/\/www.luccaorganizza.com\/corporate\/wp-json\/wp\/v2\/comments?post=4006"}],"version-history":[{"count":8,"href":"https:\/\/www.luccaorganizza.com\/corporate\/wp-json\/wp\/v2\/pages\/4006\/revisions"}],"predecessor-version":[{"id":6224,"href":"https:\/\/www.luccaorganizza.com\/corporate\/wp-json\/wp\/v2\/pages\/4006\/revisions\/6224"}],"wp:attachment":[{"href":"https:\/\/www.luccaorganizza.com\/corporate\/wp-json\/wp\/v2\/media?parent=4006"}],"curies":[{"name":"wp","href":"https:\/\/api.w.org\/{rel}","templated":true}]}}