{"id":582,"date":"2014-02-24T13:17:58","date_gmt":"2014-02-24T13:17:58","guid":{"rendered":"http:\/\/www.luccaorganizza.com\/corporate\/?page_id=582"},"modified":"2024-03-23T12:08:54","modified_gmt":"2024-03-23T12:08:54","slug":"locations-eventi","status":"publish","type":"page","link":"https:\/\/www.luccaorganizza.com\/corporate\/locations-eventi\/","title":{"rendered":"Locations private ed esclusive per Eventi"},"content":{"rendered":"<section  class='av_textblock_section av-654m-dd81926cd279d9fee0b1ad20870c2054 '   itemscope=\"itemscope\" itemtype=\"https:\/\/schema.org\/CreativeWork\" ><div class='avia_textblock'  itemprop=\"text\" ><p>Le nostre <strong>locations esclusive<\/strong> risulteranno una cornice ideale per ogni tipo di evento.<br \/>\n<strong>Castelli<\/strong> imponenti nella <strong>Maremma toscana o a pochi km da Firenze<\/strong>, dotati di camere accoglientissime per gli ospiti, vantano interessanti esposizioni di armature e stemmi d\u2019epoca che faranno da sfondo al vostro ricevimento, in cui i panorami mozzafiato dalle terrazze regaleranno ai vostri invitati una vista indimenticabile.<\/p>\n<p>Se invece avete pensato ad un evento insolito un <strong>vecchio veliero dal grande fascino<\/strong> potr\u00e0 farvi brindare a largo della costa ospitando fino a 50 invitati per la notte in cuccette di lusso. Il pontile potr\u00e0 contenere fino a 300 invitati e un organizzatissimo servizio tender provveder\u00e0 a imbarcare i vostri ospiti dai vari pontili e a riportarli a fine festa.<\/p>\n<p>E se ancora avete pensato di stupire con tutto ci\u00f2 che l\u2019<strong>Hi-tech<\/strong> ai nostri giorni possa offrire, cosa di meglio di un <strong>enorme loft dagli arredi minimal<\/strong> corredato di materiale audio e video specializzato? Potrete ballare fino a notte fonda su pedane rivestite ed organizzare interessanti <strong>cocktail aziendali<\/strong>\u00a0nei giardini illuminati da architetture di luce\u2026<br \/>\n<strong>Ville e palazzi<\/strong> nelle quali l&#8217;evento aziendale\u00a0avr\u00e0 come quinta scenica affreschi rari, antiquariati ricercati, splendidi loggiati illuminati da candele per le danze.<\/p>\n<p><strong>Unconventional locations<\/strong>\u00a0risulteranno l\u2019ambientazione perfetta se vorrete stupire i vostri ospiti. Le <strong>calde cantine in pietra<\/strong>, immerse nelle campagne toscane, dove cenare tra le botti degustando ottimi vini per appassionare i vostri clienti\/ospiti offrendo loro un\u2019Esperienza Unica.<br \/>\nSedersi sui <strong>pancali in legno<\/strong> in mezzo ad un antico vigneto regaler\u00e0 un\u2019emozione Indimenticabile da portare a casa.<\/p>\n<\/div><\/section>\n<div id='av-masonry-1' class='av-masonry av-zjrq-3c165605abada250db92f36fafe7136b noHover av-fixed-size av-1px-gap av-hover-overlay-active av-masonry-animation-active av-masonry-col-3 av-caption-always av-caption-style- av-masonry-gallery ' data-post_id=\"582\"><div class=\"av-masonry-container isotope av-js-disabled\"><div class='av-masonry-entry isotope-item av-masonry-item-no-image '><\/div><a href=\"https:\/\/www.luccaorganizza.com\/corporate\/wp-content\/uploads\/2024\/03\/locations.jpg\" data-srcset=\"https:\/\/www.luccaorganizza.com\/corporate\/wp-content\/uploads\/2024\/03\/locations.jpg 1030w, https:\/\/www.luccaorganizza.com\/corporate\/wp-content\/uploads\/2024\/03\/locations-300x200.jpg 300w, https:\/\/www.luccaorganizza.com\/corporate\/wp-content\/uploads\/2024\/03\/locations-768x513.jpg 768w, https:\/\/www.luccaorganizza.com\/corporate\/wp-content\/uploads\/2024\/03\/locations-705x471.jpg 705w\" data-sizes=\"(max-width: 1030px) 100vw, 1030px\"  aria-label=\"immagine locations\"  id='av-masonry-1-item-6412' data-av-masonry-item='6412' class='av-masonry-entry isotope-item post-6412 attachment type-attachment status-inherit hentry  av-masonry-item-with-image' title=\"locations\" alt=\"locations\"    itemprop=\"thumbnailUrl\" ><div class='av-inner-masonry-sizer'><\/div><figure class='av-inner-masonry main_color'><div class=\"av-masonry-outerimage-container\"><div class='av-masonry-image-container' style=\"background-image: url(https:\/\/www.luccaorganizza.com\/corporate\/wp-content\/uploads\/2024\/03\/locations-705x471.jpg);\"  title=\"locations\"   alt=\"locations\" ><\/div><\/div><\/figure><\/a><!--end av-masonry entry--><a href=\"https:\/\/www.luccaorganizza.com\/corporate\/wp-content\/uploads\/2019\/02\/royal-estate-11-1030x687.jpg\" data-srcset=\"https:\/\/www.luccaorganizza.com\/corporate\/wp-content\/uploads\/2019\/02\/royal-estate-11-1030x687.jpg 1030w, https:\/\/www.luccaorganizza.com\/corporate\/wp-content\/uploads\/2019\/02\/royal-estate-11-300x200.jpg 300w, https:\/\/www.luccaorganizza.com\/corporate\/wp-content\/uploads\/2019\/02\/royal-estate-11-768x512.jpg 768w, https:\/\/www.luccaorganizza.com\/corporate\/wp-content\/uploads\/2019\/02\/royal-estate-11.jpg 1500w, https:\/\/www.luccaorganizza.com\/corporate\/wp-content\/uploads\/2019\/02\/royal-estate-11-705x470.jpg 705w, https:\/\/www.luccaorganizza.com\/corporate\/wp-content\/uploads\/2019\/02\/royal-estate-11-450x300.jpg 450w\" data-sizes=\"(max-width: 1030px) 100vw, 1030px\"  aria-label=\"immagine Locations private ed esclusive per Eventi\"  id='av-masonry-1-item-3959' data-av-masonry-item='3959' class='av-masonry-entry isotope-item post-3959 attachment type-attachment status-inherit hentry  av-masonry-item-with-image' title=\"Locations private ed esclusive per Eventi\" alt=\"Locations private ed esclusive per Eventi\"    itemprop=\"thumbnailUrl\" ><div class='av-inner-masonry-sizer'><\/div><figure class='av-inner-masonry main_color'><div class=\"av-masonry-outerimage-container\"><div class='av-masonry-image-container' style=\"background-image: url(https:\/\/www.luccaorganizza.com\/corporate\/wp-content\/uploads\/2019\/02\/royal-estate-11-705x470.jpg);\"  title=\"Locations private ed esclusive per Eventi\"   alt=\"Locations private ed esclusive per Eventi\" ><\/div><\/div><\/figure><\/a><!--end av-masonry entry--><a href=\"https:\/\/www.luccaorganizza.com\/corporate\/wp-content\/uploads\/2024\/03\/LOCATION-3.jpg\" data-srcset=\"https:\/\/www.luccaorganizza.com\/corporate\/wp-content\/uploads\/2024\/03\/LOCATION-3.jpg 1030w, https:\/\/www.luccaorganizza.com\/corporate\/wp-content\/uploads\/2024\/03\/LOCATION-3-300x200.jpg 300w, https:\/\/www.luccaorganizza.com\/corporate\/wp-content\/uploads\/2024\/03\/LOCATION-3-768x512.jpg 768w, https:\/\/www.luccaorganizza.com\/corporate\/wp-content\/uploads\/2024\/03\/LOCATION-3-705x470.jpg 705w\" data-sizes=\"(max-width: 1030px) 100vw, 1030px\"  aria-label=\"immagine Location per eventi\"  id='av-masonry-1-item-6168' data-av-masonry-item='6168' class='av-masonry-entry isotope-item post-6168 attachment type-attachment status-inherit hentry  av-masonry-item-with-image' title=\"Location per eventi\" alt=\"Location per eventi\"    itemprop=\"thumbnailUrl\" ><div class='av-inner-masonry-sizer'><\/div><figure class='av-inner-masonry main_color'><div class=\"av-masonry-outerimage-container\"><div class='av-masonry-image-container' style=\"background-image: url(https:\/\/www.luccaorganizza.com\/corporate\/wp-content\/uploads\/2024\/03\/LOCATION-3-705x470.jpg);\"  title=\"Location per eventi\"   alt=\"Location per eventi\" ><\/div><\/div><\/figure><\/a><!--end av-masonry entry--><\/div><\/div>\n","protected":false},"excerpt":{"rendered":"","protected":false},"author":1,"featured_media":0,"parent":0,"menu_order":0,"comment_status":"closed","ping_status":"open","template":"","meta":{"footnotes":""},"class_list":["post-582","page","type-page","status-publish","hentry"],"_links":{"self":[{"href":"https:\/\/www.luccaorganizza.com\/corporate\/wp-json\/wp\/v2\/pages\/582","targetHints":{"allow":["GET"]}}],"collection":[{"href":"https:\/\/www.luccaorganizza.com\/corporate\/wp-json\/wp\/v2\/pages"}],"about":[{"href":"https:\/\/www.luccaorganizza.com\/corporate\/wp-json\/wp\/v2\/types\/page"}],"author":[{"embeddable":true,"href":"https:\/\/www.luccaorganizza.com\/corporate\/wp-json\/wp\/v2\/users\/1"}],"replies":[{"embeddable":true,"href":"https:\/\/www.luccaorganizza.com\/corporate\/wp-json\/wp\/v2\/comments?post=582"}],"version-history":[{"count":23,"href":"https:\/\/www.luccaorganizza.com\/corporate\/wp-json\/wp\/v2\/pages\/582\/revisions"}],"predecessor-version":[{"id":6420,"href":"https:\/\/www.luccaorganizza.com\/corporate\/wp-json\/wp\/v2\/pages\/582\/revisions\/6420"}],"wp:attachment":[{"href":"https:\/\/www.luccaorganizza.com\/corporate\/wp-json\/wp\/v2\/media?parent=582"}],"curies":[{"name":"wp","href":"https:\/\/api.w.org\/{rel}","templated":true}]}}