{"id":593,"date":"2014-02-28T14:04:08","date_gmt":"2014-02-28T14:04:08","guid":{"rendered":"http:\/\/www.luccaorganizza.com\/corporate\/?page_id=593"},"modified":"2022-11-24T17:14:47","modified_gmt":"2022-11-24T17:14:47","slug":"i-nostri-valori","status":"publish","type":"page","link":"https:\/\/www.luccaorganizza.com\/corporate\/i-nostri-valori\/","title":{"rendered":"I Nostri Valori"},"content":{"rendered":"\n<style type=\"text\/css\" data-created_by=\"avia_inline_auto\" id=\"style-css-av-la6k9ub3-a86730c44ede0eaf78df9ae87abe6914\">\n.avia-image-container.av-la6k9ub3-a86730c44ede0eaf78df9ae87abe6914 img.avia_image{\nbox-shadow:none;\n}\n.avia-image-container.av-la6k9ub3-a86730c44ede0eaf78df9ae87abe6914 .av-image-caption-overlay-center{\ncolor:#ffffff;\n}\n<\/style>\n<div  class='avia-image-container av-la6k9ub3-a86730c44ede0eaf78df9ae87abe6914 av-styling- avia_animated_image av-animated-when-visible-95 fade-in avia-align-center  avia-builder-el-0  el_before_av_textblock  avia-builder-el-first '   itemprop=\"image\" itemscope=\"itemscope\" itemtype=\"https:\/\/schema.org\/ImageObject\" ><div class=\"avia-image-container-inner\"><div class=\"avia-image-overlay-wrap\"><img decoding=\"async\" fetchpriority=\"high\" class='wp-image-5294 avia-img-lazy-loading-not-5294 avia_image ' src=\"https:\/\/www.luccaorganizza.com\/corporate\/wp-content\/uploads\/2022\/11\/luccaorganizza-i-nostri-valori.jpg\" alt='luccaorganizza i nostri valori' title='luccaorganizza i nostri valori'  height=\"1030\" width=\"1500\"  itemprop=\"thumbnailUrl\" srcset=\"https:\/\/www.luccaorganizza.com\/corporate\/wp-content\/uploads\/2022\/11\/luccaorganizza-i-nostri-valori.jpg 1500w, https:\/\/www.luccaorganizza.com\/corporate\/wp-content\/uploads\/2022\/11\/luccaorganizza-i-nostri-valori-300x206.jpg 300w, https:\/\/www.luccaorganizza.com\/corporate\/wp-content\/uploads\/2022\/11\/luccaorganizza-i-nostri-valori-1030x707.jpg 1030w, https:\/\/www.luccaorganizza.com\/corporate\/wp-content\/uploads\/2022\/11\/luccaorganizza-i-nostri-valori-768x527.jpg 768w, https:\/\/www.luccaorganizza.com\/corporate\/wp-content\/uploads\/2022\/11\/luccaorganizza-i-nostri-valori-705x484.jpg 705w\" sizes=\"(max-width: 1500px) 100vw, 1500px\" \/><\/div><\/div><\/div>\n<section  class='av_textblock_section av-7mylt-3899dcabfc4635cd1ea4ac7a2897bb89 '   itemscope=\"itemscope\" itemtype=\"https:\/\/schema.org\/CreativeWork\" ><div class='avia_textblock'  itemprop=\"text\" ><p><strong>Il nostro comportamento esprime i nostri valori e guida ogni giorno le nostre azioni.<\/strong><\/p>\n<p>Proviamo piacere per quello che costruiamo percorrendo insieme al cliente la stessa strada fino al raggiungimento dell\u2019obiettivo comune, l\u2019organizzazione di un evento che rappresenti per entrambi la comunicazione di un importante risultato conseguito.<\/p>\n<p>Nella nostra storia non abbiamo mai cambiato il nostro modo di operare perch\u00e9 crediamo profondamente nei nostri valori. Il desiderio che ci guida nel lavoro di ogni giorno \u00e8 trovare le soluzioni migliori per aziende ed organizzazioni operando in termini di massima efficienza e qualit\u00e0.<\/p>\n<p>Per ogni esigenza valutiamo il presente ed anticipiamo le evoluzioni future.<\/p>\n<p><strong>Luccaorganizza<\/strong> \u00e8 sinonimo di:<\/p>\n<ul>\n<li><strong>professionalit\u00e0, correttezza e trasparenza<\/strong><\/li>\n<li><strong>puntualit\u00e0, senso di responsabilit\u00e0 ed orientamento al risultato<\/strong><\/li>\n<li><strong>attenzione al cliente ed innovazione di prodotto-servizio<\/strong><\/li>\n<li><strong>massima qualit\u00e0 del servizio<\/strong><\/li>\n<\/ul>\n<\/div><\/section>\n","protected":false},"excerpt":{"rendered":"","protected":false},"author":1,"featured_media":0,"parent":0,"menu_order":0,"comment_status":"closed","ping_status":"open","template":"","meta":{"footnotes":""},"class_list":["post-593","page","type-page","status-publish","hentry"],"_links":{"self":[{"href":"https:\/\/www.luccaorganizza.com\/corporate\/wp-json\/wp\/v2\/pages\/593","targetHints":{"allow":["GET"]}}],"collection":[{"href":"https:\/\/www.luccaorganizza.com\/corporate\/wp-json\/wp\/v2\/pages"}],"about":[{"href":"https:\/\/www.luccaorganizza.com\/corporate\/wp-json\/wp\/v2\/types\/page"}],"author":[{"embeddable":true,"href":"https:\/\/www.luccaorganizza.com\/corporate\/wp-json\/wp\/v2\/users\/1"}],"replies":[{"embeddable":true,"href":"https:\/\/www.luccaorganizza.com\/corporate\/wp-json\/wp\/v2\/comments?post=593"}],"version-history":[{"count":18,"href":"https:\/\/www.luccaorganizza.com\/corporate\/wp-json\/wp\/v2\/pages\/593\/revisions"}],"predecessor-version":[{"id":5297,"href":"https:\/\/www.luccaorganizza.com\/corporate\/wp-json\/wp\/v2\/pages\/593\/revisions\/5297"}],"wp:attachment":[{"href":"https:\/\/www.luccaorganizza.com\/corporate\/wp-json\/wp\/v2\/media?parent=593"}],"curies":[{"name":"wp","href":"https:\/\/api.w.org\/{rel}","templated":true}]}}